{"id":26387,"date":"2018-12-20T14:34:13","date_gmt":"2018-12-20T14:34:13","guid":{"rendered":"https:\/\/redrockinterna.wpengine.com\/our-courses\/"},"modified":"2025-02-20T14:08:15","modified_gmt":"2025-02-20T11:08:15","slug":"our-courses","status":"publish","type":"page","link":"https:\/\/redrockinternational.com\/ma\/our-courses\/","title":{"rendered":"Our courses"},"content":{"rendered":"\t\t<div data-elementor-type=\"wp-post\" data-elementor-id=\"26387\" class=\"elementor elementor-26387\" data-elementor-post-type=\"page\">\n\t\t\t\t\t\t<div class=\"elementor-section elementor-top-section elementor-element elementor-element-797375e elementor-section-content-middle elementor-section-boxed elementor-section-height-default elementor-section-height-default\" data-id=\"797375e\" data-element_type=\"section\">\n\t\t\t\t\t\t<div class=\"elementor-container elementor-column-gap-default\">\n\t\t\t\t\t<div class=\"elementor-column elementor-col-100 elementor-top-column elementor-element elementor-element-22c85e7\" data-id=\"22c85e7\" data-element_type=\"column\">\n\t\t\t<div class=\"elementor-widget-wrap elementor-element-populated\">\n\t\t\t\t\t\t<div class=\"elementor-element elementor-element-37df638 elementor-widget elementor-widget-heading\" data-id=\"37df638\" data-element_type=\"widget\" data-widget_type=\"heading.default\">\n\t\t\t\t<div class=\"elementor-widget-container\">\n\t\t\t\t\t<h1 class=\"elementor-heading-title elementor-size-default\"><span class=\"ez-toc-section\" id=\"Nos_Cours\"><\/span>Nos Cours<span class=\"ez-toc-section-end\"><\/span><\/h1>\t\t\t\t<\/div>\n\t\t\t\t<\/div>\n\t\t\t\t<div class=\"elementor-element elementor-element-438782e elementor-widget elementor-widget-text-editor\" data-id=\"438782e\" data-element_type=\"widget\" data-widget_type=\"text-editor.default\">\n\t\t\t\t<div class=\"elementor-widget-container\">\n\t\t\t\t\t\t\t\t\t<p>Nos cours aident les gens \u00e0 devenir plus efficaces et plus \u00e9panouis au travail. Ils s&#8217;appuient sur nos mod\u00e8les les plus \u00e9prouv\u00e9s et aident les participants \u00e0 identifier la mani\u00e8re dont ils appliqueront l&#8217;apprentissage dans leur contexte professionnel sp\u00e9cifique. Notre r\u00e9ussite se mesure \u00e0 l&#8217;aune des changements positifs et durables que les participants ont op\u00e9r\u00e9s \u00e0 la suite de la formation. Tous nos travaux partagent le m\u00eame fil conducteur, ancr\u00e9 dans nos valeurs. Nous employons des personnes comp\u00e9tentes, nous nous appuyons sur notre exp\u00e9rience cumul\u00e9e et nous travaillons dur pour fournir une solution qui r\u00e9ponde aux besoins de votre organisation.<\/p>\t\t\t\t\t\t\t\t<\/div>\n\t\t\t\t<\/div>\n\t\t\t\t<div class=\"elementor-element elementor-element-24c69fe elementor-widget elementor-widget-button\" data-id=\"24c69fe\" data-element_type=\"widget\" data-widget_type=\"button.default\">\n\t\t\t\t<div class=\"elementor-widget-container\">\n\t\t\t\t\t\t\t\t\t<div class=\"elementor-button-wrapper\">\n\t\t\t\t\t<a class=\"elementor-button elementor-button-link elementor-size-sm\" href=\"https:\/\/redrockinternational.com\/ma\/contact-us\/\">\n\t\t\t\t\t\t<span class=\"elementor-button-content-wrapper\">\n\t\t\t\t\t\t\t\t\t<span class=\"elementor-button-text\">Contactez Nous<\/span>\n\t\t\t\t\t<\/span>\n\t\t\t\t\t<\/a>\n\t\t\t\t<\/div>\n\t\t\t\t\t\t\t\t<\/div>\n\t\t\t\t<\/div>\n\t\t\t\t\t<\/div>\n\t\t<\/div>\n\t\t\t\t\t<\/div>\n\t\t<\/div>\n\t\t\t\t<section class=\"elementor-section elementor-top-section elementor-element elementor-element-cbda65a elementor-section-boxed elementor-section-height-default elementor-section-height-default\" data-id=\"cbda65a\" data-element_type=\"section\" data-settings=\"{&quot;background_background&quot;:&quot;gradient&quot;}\">\n\t\t\t\t\t\t<div class=\"elementor-container elementor-column-gap-default\">\n\t\t\t\t\t<div class=\"elementor-column elementor-col-33 elementor-top-column elementor-element elementor-element-355216b\" data-id=\"355216b\" data-element_type=\"column\">\n\t\t\t<div class=\"elementor-widget-wrap elementor-element-populated\">\n\t\t\t\t\t\t<div class=\"elementor-element elementor-element-0f041e2 elementor-widget__width-auto elementor-position-top elementor-widget elementor-widget-image-box\" data-id=\"0f041e2\" data-element_type=\"widget\" data-widget_type=\"image-box.default\">\n\t\t\t\t<div class=\"elementor-widget-container\">\n\t\t\t\t\t<div class=\"elementor-image-box-wrapper\"><figure class=\"elementor-image-box-img\"><img fetchpriority=\"high\" decoding=\"async\" width=\"450\" height=\"450\" src=\"https:\/\/redrockinternational.com\/wp-content\/uploads\/2019\/12\/Leadership-development.png\" class=\"elementor-animation-grow attachment-medium size-medium wp-image-19535\" alt=\"Our courses\" srcset=\"https:\/\/redrockinternational.com\/wp-content\/uploads\/2019\/12\/Leadership-development.png 500w, https:\/\/redrockinternational.com\/wp-content\/uploads\/2019\/12\/Leadership-development-300x300.png 300w, https:\/\/redrockinternational.com\/wp-content\/uploads\/2019\/12\/Leadership-development-100x100.png 100w\" sizes=\"(max-width: 450px) 100vw, 450px\" \/><\/figure><div class=\"elementor-image-box-content\"><h3 class=\"elementor-image-box-title\"><span class=\"ez-toc-section\" id=\"Leadership_development\"><\/span>Leadership development<span class=\"ez-toc-section-end\"><\/span><\/h3><\/div><\/div>\t\t\t\t<\/div>\n\t\t\t\t<\/div>\n\t\t\t\t\t<\/div>\n\t\t<\/div>\n\t\t\t\t<div class=\"elementor-column elementor-col-33 elementor-top-column elementor-element elementor-element-5ff654c\" data-id=\"5ff654c\" data-element_type=\"column\">\n\t\t\t<div class=\"elementor-widget-wrap elementor-element-populated\">\n\t\t\t\t\t\t<div class=\"elementor-element elementor-element-980a47b elementor-widget__width-auto elementor-position-top elementor-widget elementor-widget-image-box\" data-id=\"980a47b\" data-element_type=\"widget\" data-widget_type=\"image-box.default\">\n\t\t\t\t<div class=\"elementor-widget-container\">\n\t\t\t\t\t<div class=\"elementor-image-box-wrapper\"><figure class=\"elementor-image-box-img\"><img decoding=\"async\" width=\"450\" height=\"450\" src=\"https:\/\/redrockinternational.com\/wp-content\/uploads\/2019\/12\/interpersonal-development-1.png\" class=\"elementor-animation-grow attachment-medium size-medium wp-image-19531\" alt=\"Our courses\" srcset=\"https:\/\/redrockinternational.com\/wp-content\/uploads\/2019\/12\/interpersonal-development-1.png 500w, https:\/\/redrockinternational.com\/wp-content\/uploads\/2019\/12\/interpersonal-development-1-300x300.png 300w, https:\/\/redrockinternational.com\/wp-content\/uploads\/2019\/12\/interpersonal-development-1-100x100.png 100w\" sizes=\"(max-width: 450px) 100vw, 450px\" \/><\/figure><div class=\"elementor-image-box-content\"><h3 class=\"elementor-image-box-title\"><span class=\"ez-toc-section\" id=\"Professional_development\"><\/span>Professional development<span class=\"ez-toc-section-end\"><\/span><\/h3><\/div><\/div>\t\t\t\t<\/div>\n\t\t\t\t<\/div>\n\t\t\t\t\t<\/div>\n\t\t<\/div>\n\t\t\t\t<div class=\"elementor-column elementor-col-33 elementor-top-column elementor-element elementor-element-e7edacb\" data-id=\"e7edacb\" data-element_type=\"column\">\n\t\t\t<div class=\"elementor-widget-wrap elementor-element-populated\">\n\t\t\t\t\t\t<div class=\"elementor-element elementor-element-43a3f60 elementor-widget__width-auto elementor-position-top elementor-widget elementor-widget-image-box\" data-id=\"43a3f60\" data-element_type=\"widget\" data-widget_type=\"image-box.default\">\n\t\t\t\t<div class=\"elementor-widget-container\">\n\t\t\t\t\t<div class=\"elementor-image-box-wrapper\"><figure class=\"elementor-image-box-img\"><img decoding=\"async\" width=\"450\" height=\"450\" src=\"https:\/\/redrockinternational.com\/wp-content\/uploads\/2019\/12\/Team-development-1.png\" class=\"elementor-animation-grow attachment-medium size-medium wp-image-19543\" alt=\"Our courses\" srcset=\"https:\/\/redrockinternational.com\/wp-content\/uploads\/2019\/12\/Team-development-1.png 500w, https:\/\/redrockinternational.com\/wp-content\/uploads\/2019\/12\/Team-development-1-300x300.png 300w, https:\/\/redrockinternational.com\/wp-content\/uploads\/2019\/12\/Team-development-1-100x100.png 100w\" sizes=\"(max-width: 450px) 100vw, 450px\" \/><\/figure><div class=\"elementor-image-box-content\"><h3 class=\"elementor-image-box-title\"><span class=\"ez-toc-section\" id=\"Team_development\"><\/span>Team development<span class=\"ez-toc-section-end\"><\/span><\/h3><\/div><\/div>\t\t\t\t<\/div>\n\t\t\t\t<\/div>\n\t\t\t\t\t<\/div>\n\t\t<\/div>\n\t\t\t\t\t<\/div>\n\t\t<\/section>\n\t\t\t\t<section class=\"elementor-section elementor-top-section elementor-element elementor-element-762a3ce5 elementor-section-stretched elementor-section-content-middle elementor-reverse-mobile elementor-reverse-tablet elementor-section-boxed elementor-section-height-default elementor-section-height-default\" data-id=\"762a3ce5\" data-element_type=\"section\" data-settings=\"{&quot;stretch_section&quot;:&quot;section-stretched&quot;,&quot;background_background&quot;:&quot;classic&quot;}\">\n\t\t\t\t\t\t<div class=\"elementor-container elementor-column-gap-default\">\n\t\t\t\t\t<div class=\"elementor-column elementor-col-50 elementor-top-column elementor-element elementor-element-783ea6db\" data-id=\"783ea6db\" data-element_type=\"column\">\n\t\t\t<div class=\"elementor-widget-wrap elementor-element-populated\">\n\t\t\t\t\t\t<div class=\"elementor-element elementor-element-14a2870 elementor-widget elementor-widget-heading\" data-id=\"14a2870\" data-element_type=\"widget\" data-widget_type=\"heading.default\">\n\t\t\t\t<div class=\"elementor-widget-container\">\n\t\t\t\t\t<h3 class=\"elementor-heading-title elementor-size-default\"><span class=\"ez-toc-section\" id=\"ILM_Approved_Centre\"><\/span>ILM Approved Centre<span class=\"ez-toc-section-end\"><\/span><\/h3>\t\t\t\t<\/div>\n\t\t\t\t<\/div>\n\t\t\t\t<div class=\"elementor-element elementor-element-7e55b70d elementor-widget elementor-widget-text-editor\" data-id=\"7e55b70d\" data-element_type=\"widget\" data-widget_type=\"text-editor.default\">\n\t\t\t\t<div class=\"elementor-widget-container\">\n\t\t\t\t\t\t\t\t\t<p>Red Rock International travaille avec ILM, un fournisseur de qualifications en leadership, en gestion et en coaching internationalement reconnues, qui forment chaque ann\u00e9e plus de 70 000 dirigeants.<\/p>\t\t\t\t\t\t\t\t<\/div>\n\t\t\t\t<\/div>\n\t\t\t\t\t<\/div>\n\t\t<\/div>\n\t\t\t\t<div class=\"elementor-column elementor-col-50 elementor-top-column elementor-element elementor-element-37e12986\" data-id=\"37e12986\" data-element_type=\"column\">\n\t\t\t<div class=\"elementor-widget-wrap elementor-element-populated\">\n\t\t\t\t\t\t<div class=\"elementor-element elementor-element-2236bb5b elementor-widget elementor-widget-image\" data-id=\"2236bb5b\" data-element_type=\"widget\" data-widget_type=\"image.default\">\n\t\t\t\t<div class=\"elementor-widget-container\">\n\t\t\t\t\t\t\t\t\t\t\t\t\t\t\t\t<a href=\"https:\/\/www.i-l-m.com\">\n\t\t\t\t\t\t\t<img loading=\"lazy\" decoding=\"async\" width=\"1024\" height=\"987\" src=\"https:\/\/redrockinternational.com\/wp-content\/uploads\/2019\/04\/ILM_Logo_APPC_RGB_HI.png\" class=\"attachment-large size-large wp-image-30731\" alt=\"Our courses\" srcset=\"https:\/\/redrockinternational.com\/wp-content\/uploads\/2019\/04\/ILM_Logo_APPC_RGB_HI.png 1621w, https:\/\/redrockinternational.com\/wp-content\/uploads\/2019\/04\/ILM_Logo_APPC_RGB_HI-600x579.png 600w\" sizes=\"(max-width: 1024px) 100vw, 1024px\" \/>\t\t\t\t\t\t\t\t<\/a>\n\t\t\t\t\t\t\t\t\t\t\t\t\t\t\t<\/div>\n\t\t\t\t<\/div>\n\t\t\t\t\t<\/div>\n\t\t<\/div>\n\t\t\t\t\t<\/div>\n\t\t<\/section>\n\t\t\t\t<section class=\"elementor-section elementor-top-section elementor-element elementor-element-51e04092 elementor-section-content-middle elementor-section-boxed elementor-section-height-default elementor-section-height-default\" data-id=\"51e04092\" data-element_type=\"section\" data-settings=\"{&quot;background_background&quot;:&quot;classic&quot;}\">\n\t\t\t\t\t\t<div class=\"elementor-container elementor-column-gap-default\">\n\t\t\t\t\t<div class=\"elementor-column elementor-col-50 elementor-top-column elementor-element elementor-element-719ea1db\" data-id=\"719ea1db\" data-element_type=\"column\">\n\t\t\t<div class=\"elementor-widget-wrap elementor-element-populated\">\n\t\t\t\t\t\t<div class=\"elementor-element elementor-element-50453208 elementor-widget elementor-widget-heading\" data-id=\"50453208\" data-element_type=\"widget\" data-widget_type=\"heading.default\">\n\t\t\t\t<div class=\"elementor-widget-container\">\n\t\t\t\t\t<h2 class=\"elementor-heading-title elementor-size-default\"><span class=\"ez-toc-section\" id=\"Vous_voulez_en_savoir_plus\"><\/span>Vous voulez en savoir plus ?<span class=\"ez-toc-section-end\"><\/span><\/h2>\t\t\t\t<\/div>\n\t\t\t\t<\/div>\n\t\t\t\t<div class=\"elementor-element elementor-element-5138c5ce elementor-widget elementor-widget-heading\" data-id=\"5138c5ce\" data-element_type=\"widget\" data-widget_type=\"heading.default\">\n\t\t\t\t<div class=\"elementor-widget-container\">\n\t\t\t\t\t<h4 class=\"elementor-heading-title elementor-size-default\"><span class=\"ez-toc-section\" id=\"Envoyez-nous_un_message_ou_appelez-nous_nous_serons_ravis_de_vous_en_dire_plus\"><\/span>Envoyez-nous un message ou appelez-nous, nous serons ravis de vous en dire plus.<span class=\"ez-toc-section-end\"><\/span><\/h4>\t\t\t\t<\/div>\n\t\t\t\t<\/div>\n\t\t\t\t\t<\/div>\n\t\t<\/div>\n\t\t\t\t<div class=\"elementor-column elementor-col-50 elementor-top-column elementor-element elementor-element-66a6bd46\" data-id=\"66a6bd46\" data-element_type=\"column\">\n\t\t\t<div class=\"elementor-widget-wrap elementor-element-populated\">\n\t\t\t\t\t\t<div class=\"elementor-element elementor-element-49e01d94 elementor-align-left elementor-mobile-align-left elementor-widget elementor-widget-button\" data-id=\"49e01d94\" data-element_type=\"widget\" data-widget_type=\"button.default\">\n\t\t\t\t<div class=\"elementor-widget-container\">\n\t\t\t\t\t\t\t\t\t<div class=\"elementor-button-wrapper\">\n\t\t\t\t\t<a class=\"elementor-button elementor-button-link elementor-size-md elementor-animation-grow\" href=\"https:\/\/redrockinternational.com\/ma\/contact-us\/\">\n\t\t\t\t\t\t<span class=\"elementor-button-content-wrapper\">\n\t\t\t\t\t\t\t\t\t<span class=\"elementor-button-text\">Contactez Nous<\/span>\n\t\t\t\t\t<\/span>\n\t\t\t\t\t<\/a>\n\t\t\t\t<\/div>\n\t\t\t\t\t\t\t\t<\/div>\n\t\t\t\t<\/div>\n\t\t\t\t\t<\/div>\n\t\t<\/div>\n\t\t\t\t\t<\/div>\n\t\t<\/section>\n\t\t\t\t<\/div>\n\t\t","protected":false},"excerpt":{"rendered":"<p>Nos Cours Nos cours aident les gens \u00e0 devenir plus efficaces et plus \u00e9panouis au travail. Ils s&#8217;appuient sur nos mod\u00e8les les plus \u00e9prouv\u00e9s et aident les participants \u00e0 identifier la mani\u00e8re dont ils appliqueront l&#8217;apprentissage dans leur contexte professionnel sp\u00e9cifique. Notre r\u00e9ussite se mesure \u00e0 l&#8217;aune des changements positifs et durables que les participants [&hellip;]<\/p>\n","protected":false},"author":4,"featured_media":0,"parent":0,"menu_order":0,"comment_status":"closed","ping_status":"closed","template":"","meta":{"_acf_changed":false,"_seopress_robots_primary_cat":"0","_seopress_titles_title":"Nos Cours - RRI Morocco","_seopress_titles_desc":"Our courses are delivered in Morocco by an experienced team in Marrakesh. We help your organisation to develop high-performing teams and leaders.","_seopress_robots_index":"","om_disable_all_campaigns":false,"site-sidebar-layout":"default","site-content-layout":"","ast-site-content-layout":"default","site-content-style":"default","site-sidebar-style":"default","ast-global-header-display":"","ast-banner-title-visibility":"","ast-main-header-display":"","ast-hfb-above-header-display":"","ast-hfb-below-header-display":"","ast-hfb-mobile-header-display":"","site-post-title":"","ast-breadcrumbs-content":"","ast-featured-img":"","footer-sml-layout":"","theme-transparent-header-meta":"","adv-header-id-meta":"","stick-header-meta":"","header-above-stick-meta":"","header-main-stick-meta":"","header-below-stick-meta":"","astra-migrate-meta-layouts":"set","ast-page-background-enabled":"default","ast-page-background-meta":{"desktop":{"background-color":"","background-image":"","background-repeat":"repeat","background-position":"center center","background-size":"auto","background-attachment":"scroll","background-type":"","background-media":"","overlay-type":"","overlay-color":"","overlay-opacity":"","overlay-gradient":""},"tablet":{"background-color":"","background-image":"","background-repeat":"repeat","background-position":"center center","background-size":"auto","background-attachment":"scroll","background-type":"","background-media":"","overlay-type":"","overlay-color":"","overlay-opacity":"","overlay-gradient":""},"mobile":{"background-color":"","background-image":"","background-repeat":"repeat","background-position":"center center","background-size":"auto","background-attachment":"scroll","background-type":"","background-media":"","overlay-type":"","overlay-color":"","overlay-opacity":"","overlay-gradient":""}},"ast-content-background-meta":{"desktop":{"background-color":"var(--ast-global-color-5)","background-image":"","background-repeat":"repeat","background-position":"center center","background-size":"auto","background-attachment":"scroll","background-type":"","background-media":"","overlay-type":"","overlay-color":"","overlay-opacity":"","overlay-gradient":""},"tablet":{"background-color":"var(--ast-global-color-5)","background-image":"","background-repeat":"repeat","background-position":"center center","background-size":"auto","background-attachment":"scroll","background-type":"","background-media":"","overlay-type":"","overlay-color":"","overlay-opacity":"","overlay-gradient":""},"mobile":{"background-color":"var(--ast-global-color-5)","background-image":"","background-repeat":"repeat","background-position":"center center","background-size":"auto","background-attachment":"scroll","background-type":"","background-media":"","overlay-type":"","overlay-color":"","overlay-opacity":"","overlay-gradient":""}},"footnotes":""},"class_list":["post-26387","page","type-page","status-publish","hentry"],"acf":[],"_links":{"self":[{"href":"https:\/\/redrockinternational.com\/ma\/wp-json\/wp\/v2\/pages\/26387","targetHints":{"allow":["GET"]}}],"collection":[{"href":"https:\/\/redrockinternational.com\/ma\/wp-json\/wp\/v2\/pages"}],"about":[{"href":"https:\/\/redrockinternational.com\/ma\/wp-json\/wp\/v2\/types\/page"}],"author":[{"embeddable":true,"href":"https:\/\/redrockinternational.com\/ma\/wp-json\/wp\/v2\/users\/4"}],"replies":[{"embeddable":true,"href":"https:\/\/redrockinternational.com\/ma\/wp-json\/wp\/v2\/comments?post=26387"}],"version-history":[{"count":0,"href":"https:\/\/redrockinternational.com\/ma\/wp-json\/wp\/v2\/pages\/26387\/revisions"}],"wp:attachment":[{"href":"https:\/\/redrockinternational.com\/ma\/wp-json\/wp\/v2\/media?parent=26387"}],"curies":[{"name":"wp","href":"https:\/\/api.w.org\/{rel}","templated":true}]}}