{"id":41221,"date":"2024-03-18T15:10:30","date_gmt":"2024-03-18T12:10:30","guid":{"rendered":"https:\/\/redrockinternational.com\/?post_type=services&#038;p=41221"},"modified":"2025-06-19T15:01:18","modified_gmt":"2025-06-19T12:01:18","slug":"courage-to-continue","status":"publish","type":"page","link":"https:\/\/redrockinternational.com\/ma\/service\/soft-skills-maroc\/courage-to-continue\/","title":{"rendered":"Courage to Continue"},"content":{"rendered":"\t\t<div data-elementor-type=\"wp-post\" data-elementor-id=\"41221\" class=\"elementor elementor-41221\" data-elementor-post-type=\"page\">\n\t\t\t\t\t\t<div class=\"elementor-section elementor-top-section elementor-element elementor-element-7b4b5fa7 elementor-section-height-min-height elementor-section-boxed elementor-section-height-default elementor-section-items-middle\" data-id=\"7b4b5fa7\" data-element_type=\"section\" data-e-type=\"section\" data-settings=\"{&quot;background_background&quot;:&quot;classic&quot;}\">\n\t\t\t\t\t\t<div class=\"elementor-container elementor-column-gap-default\">\n\t\t\t\t\t<div class=\"elementor-column elementor-col-100 elementor-top-column elementor-element elementor-element-5f57c1b5\" data-id=\"5f57c1b5\" data-element_type=\"column\" data-e-type=\"column\">\n\t\t\t<div class=\"elementor-widget-wrap elementor-element-populated\">\n\t\t\t\t\t\t<div class=\"elementor-element elementor-element-408b899a elementor-widget elementor-widget-heading\" data-id=\"408b899a\" data-element_type=\"widget\" data-e-type=\"widget\" data-widget_type=\"heading.default\">\n\t\t\t\t<div class=\"elementor-widget-container\">\n\t\t\t\t\t<h1 class=\"elementor-heading-title elementor-size-default\">Le Courage de Continuer | Soft Skills<\/h1>\t\t\t\t<\/div>\n\t\t\t\t<\/div>\n\t\t\t\t\t<\/div>\n\t\t<\/div>\n\t\t\t\t\t<\/div>\n\t\t<\/div>\n\t\t\t\t<section class=\"elementor-section elementor-top-section elementor-element elementor-element-4f3ac385 elementor-section-content-top elementor-section-boxed elementor-section-height-default elementor-section-height-default\" data-id=\"4f3ac385\" data-element_type=\"section\" data-e-type=\"section\">\n\t\t\t\t\t\t<div class=\"elementor-container elementor-column-gap-default\">\n\t\t\t\t\t<div class=\"elementor-column elementor-col-33 elementor-top-column elementor-element elementor-element-636014fb\" data-id=\"636014fb\" data-element_type=\"column\" data-e-type=\"column\">\n\t\t\t<div class=\"elementor-widget-wrap elementor-element-populated\">\n\t\t\t\t\t\t<div class=\"elementor-element elementor-element-8730a4d elementor-position-top elementor-widget elementor-widget-image-box\" data-id=\"8730a4d\" data-element_type=\"widget\" data-e-type=\"widget\" data-widget_type=\"image-box.default\">\n\t\t\t\t<div class=\"elementor-widget-container\">\n\t\t\t\t\t<div class=\"elementor-image-box-wrapper\"><figure class=\"elementor-image-box-img\"><img fetchpriority=\"high\" decoding=\"async\" width=\"450\" height=\"450\" src=\"https:\/\/redrockinternational.com\/wp-content\/uploads\/2019\/01\/Artboard-5.png\" class=\"elementor-animation-grow attachment-medium size-medium wp-image-5748\" alt=\"Soft skills training in Morocco\" srcset=\"https:\/\/redrockinternational.com\/wp-content\/uploads\/2019\/01\/Artboard-5.png 500w, https:\/\/redrockinternational.com\/wp-content\/uploads\/2019\/01\/Artboard-5-300x300.png 300w, https:\/\/redrockinternational.com\/wp-content\/uploads\/2019\/01\/Artboard-5-100x100.png 100w\" sizes=\"(max-width: 450px) 100vw, 450px\" \/><\/figure><div class=\"elementor-image-box-content\"><h3 class=\"elementor-image-box-title\"><span class=\"ez-toc-section\" id=\"DUREE\"><\/span>DUR\u00c9E<span class=\"ez-toc-section-end\"><\/span><\/h3><p class=\"elementor-image-box-description\">1 Jour<\/p><\/div><\/div>\t\t\t\t<\/div>\n\t\t\t\t<\/div>\n\t\t\t\t\t<\/div>\n\t\t<\/div>\n\t\t\t\t<div class=\"elementor-column elementor-col-33 elementor-top-column elementor-element elementor-element-4ab7d01d\" data-id=\"4ab7d01d\" data-element_type=\"column\" data-e-type=\"column\">\n\t\t\t<div class=\"elementor-widget-wrap elementor-element-populated\">\n\t\t\t\t\t\t<div class=\"elementor-element elementor-element-207fc13 elementor-position-top elementor-widget elementor-widget-image-box\" data-id=\"207fc13\" data-element_type=\"widget\" data-e-type=\"widget\" data-widget_type=\"image-box.default\">\n\t\t\t\t<div class=\"elementor-widget-container\">\n\t\t\t\t\t<div class=\"elementor-image-box-wrapper\"><figure class=\"elementor-image-box-img\"><img decoding=\"async\" width=\"500\" height=\"500\" src=\"https:\/\/redrockinternational.com\/wp-content\/uploads\/2019\/01\/Artboard-1-1.png\" class=\"elementor-animation-grow attachment-full size-full wp-image-5766\" alt=\"Soft skills training in Morocco\" srcset=\"https:\/\/redrockinternational.com\/wp-content\/uploads\/2019\/01\/Artboard-1-1.png 500w, https:\/\/redrockinternational.com\/wp-content\/uploads\/2019\/01\/Artboard-1-1-300x300.png 300w, https:\/\/redrockinternational.com\/wp-content\/uploads\/2019\/01\/Artboard-1-1-100x100.png 100w\" sizes=\"(max-width: 500px) 100vw, 500px\" \/><\/figure><div class=\"elementor-image-box-content\"><h3 class=\"elementor-image-box-title\"><span class=\"ez-toc-section\" id=\"Participants\"><\/span>Participants<span class=\"ez-toc-section-end\"><\/span><\/h3><p class=\"elementor-image-box-description\">5 - 20<\/p><\/div><\/div>\t\t\t\t<\/div>\n\t\t\t\t<\/div>\n\t\t\t\t\t<\/div>\n\t\t<\/div>\n\t\t\t\t<div class=\"elementor-column elementor-col-33 elementor-top-column elementor-element elementor-element-628ae0d1\" data-id=\"628ae0d1\" data-element_type=\"column\" data-e-type=\"column\">\n\t\t\t<div class=\"elementor-widget-wrap elementor-element-populated\">\n\t\t\t\t\t\t<div class=\"elementor-element elementor-element-26561d5b elementor-position-top elementor-widget elementor-widget-image-box\" data-id=\"26561d5b\" data-element_type=\"widget\" data-e-type=\"widget\" data-widget_type=\"image-box.default\">\n\t\t\t\t<div class=\"elementor-widget-container\">\n\t\t\t\t\t<div class=\"elementor-image-box-wrapper\"><figure class=\"elementor-image-box-img\"><img decoding=\"async\" width=\"500\" height=\"500\" src=\"https:\/\/redrockinternational.com\/wp-content\/uploads\/2019\/02\/unstick-your-organisation.png\" class=\"elementor-animation-grow attachment-full size-full wp-image-6286\" alt=\"Soft skills training in Morocco\" srcset=\"https:\/\/redrockinternational.com\/wp-content\/uploads\/2019\/02\/unstick-your-organisation.png 500w, https:\/\/redrockinternational.com\/wp-content\/uploads\/2019\/02\/unstick-your-organisation-300x300.png 300w, https:\/\/redrockinternational.com\/wp-content\/uploads\/2019\/02\/unstick-your-organisation-100x100.png 100w\" sizes=\"(max-width: 500px) 100vw, 500px\" \/><\/figure><div class=\"elementor-image-box-content\"><h3 class=\"elementor-image-box-title\"><span class=\"ez-toc-section\" id=\"Course_Format\"><\/span>Course Format<span class=\"ez-toc-section-end\"><\/span><\/h3><p class=\"elementor-image-box-description\">One-Time Course<\/p><\/div><\/div>\t\t\t\t<\/div>\n\t\t\t\t<\/div>\n\t\t\t\t\t<\/div>\n\t\t<\/div>\n\t\t\t\t\t<\/div>\n\t\t<\/section>\n\t\t\t\t<section class=\"elementor-section elementor-top-section elementor-element elementor-element-6b8a9f5f elementor-section-boxed elementor-section-height-default elementor-section-height-default\" data-id=\"6b8a9f5f\" data-element_type=\"section\" data-e-type=\"section\" data-settings=\"{&quot;background_background&quot;:&quot;classic&quot;}\">\n\t\t\t\t\t\t<div class=\"elementor-container elementor-column-gap-default\">\n\t\t\t\t\t<div class=\"elementor-column elementor-col-100 elementor-top-column elementor-element elementor-element-11902aee\" data-id=\"11902aee\" data-element_type=\"column\" data-e-type=\"column\">\n\t\t\t<div class=\"elementor-widget-wrap elementor-element-populated\">\n\t\t\t\t\t\t<div class=\"elementor-element elementor-element-1f801f27 elementor-widget elementor-widget-heading\" data-id=\"1f801f27\" data-element_type=\"widget\" data-e-type=\"widget\" data-widget_type=\"heading.default\">\n\t\t\t\t<div class=\"elementor-widget-container\">\n\t\t\t\t\t<h2 class=\"elementor-heading-title elementor-size-default\">D\u00e9velopper une meilleure compr\u00e9hension de soi et des \u00e9tapes n\u00e9cessaires pour relever avec succ\u00e8s les d\u00e9fis.<\/h2>\t\t\t\t<\/div>\n\t\t\t\t<\/div>\n\t\t\t\t<div class=\"elementor-element elementor-element-2d8a390f elementor-widget elementor-widget-text-editor\" data-id=\"2d8a390f\" data-element_type=\"widget\" data-e-type=\"widget\" data-widget_type=\"text-editor.default\">\n\t\t\t\t<div class=\"elementor-widget-container\">\n\t\t\t\t\t\t\t\t\t<p>Le cours &#8220;Le courage de continuer&#8221; vous donnera la capacit\u00e9 d&#8217;identifier et de comprendre le doute de soi. Le cours utilise une vari\u00e9t\u00e9 de moyens cr\u00e9atifs, y compris la musique et les images. Les participants sont ainsi amen\u00e9s \u00e0 mieux comprendre leurs motivations, leurs comp\u00e9tences et leurs limites. Au cours des deux ateliers, vous d\u00e9velopperez une capacit\u00e9 \u00e0 travailler et \u00e0 apprendre de l&#8217;\u00e9chec. Le cours se termine par la pr\u00e9sentation d&#8217;un cadre d&#8217;habitudes et de comportements. Cela vous permettra de relever de plus grands d\u00e9fis de mani\u00e8re authentique et durable.<\/p>\t\t\t\t\t\t\t\t<\/div>\n\t\t\t\t<\/div>\n\t\t\t\t<div class=\"elementor-element elementor-element-55fe0982 elementor-align-center elementor-widget elementor-widget-button\" data-id=\"55fe0982\" data-element_type=\"widget\" data-e-type=\"widget\" data-widget_type=\"button.default\">\n\t\t\t\t<div class=\"elementor-widget-container\">\n\t\t\t\t\t\t\t\t\t<div class=\"elementor-button-wrapper\">\n\t\t\t\t\t<a class=\"elementor-button elementor-button-link elementor-size-md\" href=\"https:\/\/redrockinternational.com\/ma\/contact-us\/\">\n\t\t\t\t\t\t<span class=\"elementor-button-content-wrapper\">\n\t\t\t\t\t\t\t\t\t<span class=\"elementor-button-text\">Demander un devis<\/span>\n\t\t\t\t\t<\/span>\n\t\t\t\t\t<\/a>\n\t\t\t\t<\/div>\n\t\t\t\t\t\t\t\t<\/div>\n\t\t\t\t<\/div>\n\t\t\t\t\t<\/div>\n\t\t<\/div>\n\t\t\t\t\t<\/div>\n\t\t<\/section>\n\t\t\t\t<section class=\"elementor-section elementor-top-section elementor-element elementor-element-4e1abfcd elementor-section-boxed elementor-section-height-default elementor-section-height-default\" data-id=\"4e1abfcd\" data-element_type=\"section\" data-e-type=\"section\" data-settings=\"{&quot;background_background&quot;:&quot;classic&quot;}\">\n\t\t\t\t\t\t<div class=\"elementor-container elementor-column-gap-default\">\n\t\t\t\t\t<div class=\"elementor-column elementor-col-100 elementor-top-column elementor-element elementor-element-30589c87\" data-id=\"30589c87\" data-element_type=\"column\" data-e-type=\"column\">\n\t\t\t<div class=\"elementor-widget-wrap elementor-element-populated\">\n\t\t\t\t\t\t<div class=\"elementor-element elementor-element-3001fd63 elementor-widget elementor-widget-heading\" data-id=\"3001fd63\" data-element_type=\"widget\" data-e-type=\"widget\" data-widget_type=\"heading.default\">\n\t\t\t\t<div class=\"elementor-widget-container\">\n\t\t\t\t\t<h2 class=\"elementor-heading-title elementor-size-default\">D\u00e9couvrez D'autres Cours Bas\u00e9s Sur Le Contenu...\u200b<\/h2>\t\t\t\t<\/div>\n\t\t\t\t<\/div>\n\t\t\t\t<div class=\"elementor-element elementor-element-004289e elementor-posts--align-center elementor-grid-4 elementor-grid-tablet-2 elementor-grid-mobile-1 elementor-posts--thumbnail-top elementor-card-shadow-yes elementor-posts__hover-gradient elementor-widget elementor-widget-posts\" data-id=\"004289e\" data-element_type=\"widget\" data-e-type=\"widget\" data-settings=\"{&quot;cards_row_gap&quot;:{&quot;unit&quot;:&quot;px&quot;,&quot;size&quot;:16,&quot;sizes&quot;:[]},&quot;cards_columns&quot;:&quot;4&quot;,&quot;cards_columns_tablet&quot;:&quot;2&quot;,&quot;cards_columns_mobile&quot;:&quot;1&quot;,&quot;cards_row_gap_tablet&quot;:{&quot;unit&quot;:&quot;px&quot;,&quot;size&quot;:&quot;&quot;,&quot;sizes&quot;:[]},&quot;cards_row_gap_mobile&quot;:{&quot;unit&quot;:&quot;px&quot;,&quot;size&quot;:&quot;&quot;,&quot;sizes&quot;:[]}}\" data-widget_type=\"posts.cards\">\n\t\t\t\t<div class=\"elementor-widget-container\">\n\t\t\t\t\t\t\t<div class=\"elementor-posts-container elementor-posts elementor-posts--skin-cards elementor-grid\" role=\"list\">\n\t\t\t\t<article class=\"elementor-post elementor-grid-item post-41229 page type-page status-publish has-post-thumbnail hentry\" role=\"listitem\">\n\t\t\t<div class=\"elementor-post__card\">\n\t\t\t\t<a class=\"elementor-post__thumbnail__link\" href=\"https:\/\/redrockinternational.com\/ma\/service\/soft-skills-maroc\/conflict-management\/\" tabindex=\"-1\" ><div class=\"elementor-post__thumbnail\"><img loading=\"lazy\" decoding=\"async\" width=\"450\" height=\"300\" src=\"https:\/\/redrockinternational.com\/wp-content\/uploads\/2020\/02\/resolving-problems-managing-conflict.jpg\" class=\"attachment-medium size-medium wp-image-20259\" alt=\"Conversation to resolve problems\" srcset=\"https:\/\/redrockinternational.com\/wp-content\/uploads\/2020\/02\/resolving-problems-managing-conflict.jpg 2000w, https:\/\/redrockinternational.com\/wp-content\/uploads\/2020\/02\/resolving-problems-managing-conflict-600x400.jpg 600w\" sizes=\"(max-width: 450px) 100vw, 450px\" \/><\/div><\/a>\n\t\t\t\t<div class=\"elementor-post__badge\">Conflict management<\/div>\n\t\t\t\t<div class=\"elementor-post__text\">\n\t\t\t\t<h3 class=\"elementor-post__title\"><span class=\"ez-toc-section\" id=\"Conflict_management\"><\/span>\n\t\t\t<a href=\"https:\/\/redrockinternational.com\/ma\/service\/soft-skills-maroc\/conflict-management\/\" >\n\t\t\t\tConflict management\t\t\t<\/a>\n\t\t<span class=\"ez-toc-section-end\"><\/span><\/h3>\n\t\t\t\t<\/div>\n\t\t\t\t\t<\/div>\n\t\t<\/article>\n\t\t\t\t<article class=\"elementor-post elementor-grid-item post-41225 page type-page status-publish has-post-thumbnail hentry\" role=\"listitem\">\n\t\t\t<div class=\"elementor-post__card\">\n\t\t\t\t<a class=\"elementor-post__thumbnail__link\" href=\"https:\/\/redrockinternational.com\/ma\/service\/soft-skills-maroc\/leadership-fundamentals\/\" tabindex=\"-1\" ><div class=\"elementor-post__thumbnail\"><img loading=\"lazy\" decoding=\"async\" width=\"450\" height=\"300\" src=\"https:\/\/redrockinternational.com\/wp-content\/uploads\/2020\/02\/planning-meeting-leadership.jpg\" class=\"attachment-medium size-medium wp-image-20255\" alt=\"Leadership Fundamentals\" srcset=\"https:\/\/redrockinternational.com\/wp-content\/uploads\/2020\/02\/planning-meeting-leadership.jpg 2000w, https:\/\/redrockinternational.com\/wp-content\/uploads\/2020\/02\/planning-meeting-leadership-600x400.jpg 600w\" sizes=\"(max-width: 450px) 100vw, 450px\" \/><\/div><\/a>\n\t\t\t\t<div class=\"elementor-post__badge\">leadership<\/div>\n\t\t\t\t<div class=\"elementor-post__text\">\n\t\t\t\t<h3 class=\"elementor-post__title\"><span class=\"ez-toc-section\" id=\"Leadership_fundamentals\"><\/span>\n\t\t\t<a href=\"https:\/\/redrockinternational.com\/ma\/service\/soft-skills-maroc\/leadership-fundamentals\/\" >\n\t\t\t\tLeadership fundamentals\t\t\t<\/a>\n\t\t<span class=\"ez-toc-section-end\"><\/span><\/h3>\n\t\t\t\t<\/div>\n\t\t\t\t\t<\/div>\n\t\t<\/article>\n\t\t\t\t<article class=\"elementor-post elementor-grid-item post-41222 page type-page status-publish has-post-thumbnail hentry\" role=\"listitem\">\n\t\t\t<div class=\"elementor-post__card\">\n\t\t\t\t<a class=\"elementor-post__thumbnail__link\" href=\"https:\/\/redrockinternational.com\/ma\/service\/soft-skills-maroc\/customer-service\/\" tabindex=\"-1\" ><div class=\"elementor-post__thumbnail\"><img loading=\"lazy\" decoding=\"async\" width=\"450\" height=\"301\" src=\"https:\/\/redrockinternational.com\/wp-content\/uploads\/2019\/02\/luis-villasmil-4V8uMZx8FYA-unsplash-450x301.jpg\" class=\"attachment-medium size-medium wp-image-36933\" alt=\"Soft skills training in Morocco\" srcset=\"https:\/\/redrockinternational.com\/wp-content\/uploads\/2019\/02\/luis-villasmil-4V8uMZx8FYA-unsplash-450x301.jpg 450w, https:\/\/redrockinternational.com\/wp-content\/uploads\/2019\/02\/luis-villasmil-4V8uMZx8FYA-unsplash-1024x685.jpg 1024w, https:\/\/redrockinternational.com\/wp-content\/uploads\/2019\/02\/luis-villasmil-4V8uMZx8FYA-unsplash-768x514.jpg 768w, https:\/\/redrockinternational.com\/wp-content\/uploads\/2019\/02\/luis-villasmil-4V8uMZx8FYA-unsplash-1536x1028.jpg 1536w, https:\/\/redrockinternational.com\/wp-content\/uploads\/2019\/02\/luis-villasmil-4V8uMZx8FYA-unsplash-2048x1371.jpg 2048w, https:\/\/redrockinternational.com\/wp-content\/uploads\/2019\/02\/luis-villasmil-4V8uMZx8FYA-unsplash-600x402.jpg 600w\" sizes=\"(max-width: 450px) 100vw, 450px\" \/><\/div><\/a>\n\t\t\t\t<div class=\"elementor-post__badge\">CBT<\/div>\n\t\t\t\t<div class=\"elementor-post__text\">\n\t\t\t\t<h3 class=\"elementor-post__title\"><span class=\"ez-toc-section\" id=\"Customer_Service\"><\/span>\n\t\t\t<a href=\"https:\/\/redrockinternational.com\/ma\/service\/soft-skills-maroc\/customer-service\/\" >\n\t\t\t\tCustomer Service\t\t\t<\/a>\n\t\t<span class=\"ez-toc-section-end\"><\/span><\/h3>\n\t\t\t\t<\/div>\n\t\t\t\t\t<\/div>\n\t\t<\/article>\n\t\t\t\t<article class=\"elementor-post elementor-grid-item post-41220 page type-page status-publish has-post-thumbnail hentry\" role=\"listitem\">\n\t\t\t<div class=\"elementor-post__card\">\n\t\t\t\t<a class=\"elementor-post__thumbnail__link\" href=\"https:\/\/redrockinternational.com\/ma\/service\/soft-skills-maroc\/conflict-resolution\/\" tabindex=\"-1\" ><div class=\"elementor-post__thumbnail\"><img loading=\"lazy\" decoding=\"async\" width=\"450\" height=\"300\" src=\"https:\/\/redrockinternational.com\/wp-content\/uploads\/2019\/02\/linkedin-sales-solutions-W3Jl3jREpDY-unsplash-450x300.jpg\" class=\"attachment-medium size-medium wp-image-37026\" alt=\"soft skills training in Morocco\" srcset=\"https:\/\/redrockinternational.com\/wp-content\/uploads\/2019\/02\/linkedin-sales-solutions-W3Jl3jREpDY-unsplash-450x300.jpg 450w, https:\/\/redrockinternational.com\/wp-content\/uploads\/2019\/02\/linkedin-sales-solutions-W3Jl3jREpDY-unsplash-1024x683.jpg 1024w, https:\/\/redrockinternational.com\/wp-content\/uploads\/2019\/02\/linkedin-sales-solutions-W3Jl3jREpDY-unsplash-768x512.jpg 768w, https:\/\/redrockinternational.com\/wp-content\/uploads\/2019\/02\/linkedin-sales-solutions-W3Jl3jREpDY-unsplash-1536x1024.jpg 1536w, https:\/\/redrockinternational.com\/wp-content\/uploads\/2019\/02\/linkedin-sales-solutions-W3Jl3jREpDY-unsplash-2048x1365.jpg 2048w, https:\/\/redrockinternational.com\/wp-content\/uploads\/2019\/02\/linkedin-sales-solutions-W3Jl3jREpDY-unsplash-600x400.jpg 600w\" sizes=\"(max-width: 450px) 100vw, 450px\" \/><\/div><\/a>\n\t\t\t\t<div class=\"elementor-post__badge\">CBT<\/div>\n\t\t\t\t<div class=\"elementor-post__text\">\n\t\t\t\t<h3 class=\"elementor-post__title\">\n\t\t\t<a href=\"https:\/\/redrockinternational.com\/ma\/service\/soft-skills-maroc\/conflict-resolution\/\" >\n\t\t\t\tConflict Resolution\t\t\t<\/a>\n\t\t<\/h3>\n\t\t\t\t<\/div>\n\t\t\t\t\t<\/div>\n\t\t<\/article>\n\t\t\t\t<\/div>\n\t\t\n\t\t\t\t\t\t<\/div>\n\t\t\t\t<\/div>\n\t\t\t\t\t<\/div>\n\t\t<\/div>\n\t\t\t\t\t<\/div>\n\t\t<\/section>\n\t\t\t\t<section class=\"elementor-section elementor-top-section elementor-element elementor-element-64d0b768 elementor-section-content-middle elementor-section-boxed elementor-section-height-default elementor-section-height-default\" data-id=\"64d0b768\" data-element_type=\"section\" data-e-type=\"section\" data-settings=\"{&quot;background_background&quot;:&quot;classic&quot;}\">\n\t\t\t\t\t\t<div class=\"elementor-container elementor-column-gap-default\">\n\t\t\t\t\t<div class=\"elementor-column elementor-col-50 elementor-top-column elementor-element elementor-element-550891b6\" data-id=\"550891b6\" data-element_type=\"column\" data-e-type=\"column\">\n\t\t\t<div class=\"elementor-widget-wrap elementor-element-populated\">\n\t\t\t\t\t\t<div class=\"elementor-element elementor-element-56b71e00 elementor-widget elementor-widget-heading\" data-id=\"56b71e00\" data-element_type=\"widget\" data-e-type=\"widget\" data-widget_type=\"heading.default\">\n\t\t\t\t<div class=\"elementor-widget-container\">\n\t\t\t\t\t<h2 class=\"elementor-heading-title elementor-size-default\"><span class=\"ez-toc-section\" id=\"Decouvrez_comment_nous_pouvons_aider_votre_equipe_a_conquerir\"><\/span>D\u00e9couvrez comment nous pouvons aider votre \u00e9quipe \u00e0 conqu\u00e9rir !<span class=\"ez-toc-section-end\"><\/span><\/h2>\t\t\t\t<\/div>\n\t\t\t\t<\/div>\n\t\t\t\t\t<\/div>\n\t\t<\/div>\n\t\t\t\t<div class=\"elementor-column elementor-col-50 elementor-top-column elementor-element elementor-element-6da2ea01\" data-id=\"6da2ea01\" data-element_type=\"column\" data-e-type=\"column\">\n\t\t\t<div class=\"elementor-widget-wrap elementor-element-populated\">\n\t\t\t\t\t\t<div class=\"elementor-element elementor-element-dfa31aa elementor-align-center elementor-widget elementor-widget-button\" data-id=\"dfa31aa\" data-element_type=\"widget\" data-e-type=\"widget\" data-widget_type=\"button.default\">\n\t\t\t\t<div class=\"elementor-widget-container\">\n\t\t\t\t\t\t\t\t\t<div class=\"elementor-button-wrapper\">\n\t\t\t\t\t<a class=\"elementor-button elementor-button-link elementor-size-lg\" href=\"https:\/\/redrockinternational.com\/ma\/contact-us\/\">\n\t\t\t\t\t\t<span class=\"elementor-button-content-wrapper\">\n\t\t\t\t\t\t\t\t\t<span class=\"elementor-button-text\">Demander un devis<\/span>\n\t\t\t\t\t<\/span>\n\t\t\t\t\t<\/a>\n\t\t\t\t<\/div>\n\t\t\t\t\t\t\t\t<\/div>\n\t\t\t\t<\/div>\n\t\t\t\t\t<\/div>\n\t\t<\/div>\n\t\t\t\t\t<\/div>\n\t\t<\/section>\n\t\t\t\t<\/div>\n\t\t","protected":false},"excerpt":{"rendered":"<p>Le Courage de Continuer | Soft Skills DUR\u00c9E 1 Jour Participants 5 &#8211; 20 Course Format One-Time Course D\u00e9velopper une meilleure compr\u00e9hension de soi et<\/p>\n","protected":false},"author":27,"featured_media":36795,"parent":53404,"menu_order":0,"comment_status":"closed","ping_status":"closed","template":"","meta":{"_acf_changed":false,"_seopress_robots_primary_cat":"","_seopress_titles_title":"Le Courage de Continuer | Soft Skills Formation - RRI Morocco","_seopress_titles_desc":"D\u00e9couvrez Courage to Continue de Red Rock International : renforcez r\u00e9silience et leadership avec notre formation.","_seopress_robots_index":"","om_disable_all_campaigns":false,"site-sidebar-layout":"default","site-content-layout":"default","ast-site-content-layout":"default","site-content-style":"default","site-sidebar-style":"default","ast-global-header-display":"","ast-banner-title-visibility":"","ast-main-header-display":"","ast-hfb-above-header-display":"","ast-hfb-below-header-display":"","ast-hfb-mobile-header-display":"","site-post-title":"","ast-breadcrumbs-content":"","ast-featured-img":"","footer-sml-layout":"","theme-transparent-header-meta":"default","adv-header-id-meta":"","stick-header-meta":"","header-above-stick-meta":"","header-main-stick-meta":"","header-below-stick-meta":"","astra-migrate-meta-layouts":"set","ast-page-background-enabled":"default","ast-page-background-meta":{"desktop":{"background-color":"","background-image":"","background-repeat":"repeat","background-position":"center center","background-size":"auto","background-attachment":"scroll","background-type":"","background-media":"","overlay-type":"","overlay-color":"","overlay-opacity":"","overlay-gradient":""},"tablet":{"background-color":"","background-image":"","background-repeat":"repeat","background-position":"center center","background-size":"auto","background-attachment":"scroll","background-type":"","background-media":"","overlay-type":"","overlay-color":"","overlay-opacity":"","overlay-gradient":""},"mobile":{"background-color":"","background-image":"","background-repeat":"repeat","background-position":"center center","background-size":"auto","background-attachment":"scroll","background-type":"","background-media":"","overlay-type":"","overlay-color":"","overlay-opacity":"","overlay-gradient":""}},"ast-content-background-meta":{"desktop":{"background-color":"var(--ast-global-color-5)","background-image":"","background-repeat":"repeat","background-position":"center center","background-size":"auto","background-attachment":"scroll","background-type":"","background-media":"","overlay-type":"","overlay-color":"","overlay-opacity":"","overlay-gradient":""},"tablet":{"background-color":"var(--ast-global-color-5)","background-image":"","background-repeat":"repeat","background-position":"center center","background-size":"auto","background-attachment":"scroll","background-type":"","background-media":"","overlay-type":"","overlay-color":"","overlay-opacity":"","overlay-gradient":""},"mobile":{"background-color":"var(--ast-global-color-5)","background-image":"","background-repeat":"repeat","background-position":"center center","background-size":"auto","background-attachment":"scroll","background-type":"","background-media":"","overlay-type":"","overlay-color":"","overlay-opacity":"","overlay-gradient":""}},"footnotes":""},"class_list":["post-41221","page","type-page","status-publish","has-post-thumbnail","hentry"],"acf":[],"_links":{"self":[{"href":"https:\/\/redrockinternational.com\/ma\/wp-json\/wp\/v2\/pages\/41221","targetHints":{"allow":["GET"]}}],"collection":[{"href":"https:\/\/redrockinternational.com\/ma\/wp-json\/wp\/v2\/pages"}],"about":[{"href":"https:\/\/redrockinternational.com\/ma\/wp-json\/wp\/v2\/types\/page"}],"author":[{"embeddable":true,"href":"https:\/\/redrockinternational.com\/ma\/wp-json\/wp\/v2\/users\/27"}],"replies":[{"embeddable":true,"href":"https:\/\/redrockinternational.com\/ma\/wp-json\/wp\/v2\/comments?post=41221"}],"version-history":[{"count":0,"href":"https:\/\/redrockinternational.com\/ma\/wp-json\/wp\/v2\/pages\/41221\/revisions"}],"up":[{"embeddable":true,"href":"https:\/\/redrockinternational.com\/ma\/wp-json\/wp\/v2\/pages\/53404"}],"wp:featuredmedia":[{"embeddable":true,"href":"https:\/\/redrockinternational.com\/ma\/wp-json\/wp\/v2\/media\/36795"}],"wp:attachment":[{"href":"https:\/\/redrockinternational.com\/ma\/wp-json\/wp\/v2\/media?parent=41221"}],"curies":[{"name":"wp","href":"https:\/\/api.w.org\/{rel}","templated":true}]}}