{"id":41222,"date":"2024-03-18T15:12:22","date_gmt":"2024-03-18T12:12:22","guid":{"rendered":"https:\/\/redrockinternational.com\/?post_type=services&#038;p=41222"},"modified":"2025-06-19T15:02:04","modified_gmt":"2025-06-19T12:02:04","slug":"customer-service","status":"publish","type":"page","link":"https:\/\/redrockinternational.com\/ma\/service\/soft-skills-maroc\/customer-service\/","title":{"rendered":"Customer Service"},"content":{"rendered":"\t\t<div data-elementor-type=\"wp-post\" data-elementor-id=\"41222\" class=\"elementor elementor-41222\" data-elementor-post-type=\"page\">\n\t\t\t\t\t\t<div class=\"elementor-section elementor-top-section elementor-element elementor-element-289cc3b7 elementor-section-height-min-height elementor-section-boxed elementor-section-height-default elementor-section-items-middle\" data-id=\"289cc3b7\" data-element_type=\"section\" data-e-type=\"section\" data-settings=\"{&quot;background_background&quot;:&quot;classic&quot;}\">\n\t\t\t\t\t\t<div class=\"elementor-container elementor-column-gap-default\">\n\t\t\t\t\t<div class=\"elementor-column elementor-col-100 elementor-top-column elementor-element elementor-element-676bad7f\" data-id=\"676bad7f\" data-element_type=\"column\" data-e-type=\"column\">\n\t\t\t<div class=\"elementor-widget-wrap elementor-element-populated\">\n\t\t\t\t\t\t<div class=\"elementor-element elementor-element-1bd48698 elementor-widget elementor-widget-heading\" data-id=\"1bd48698\" data-element_type=\"widget\" data-e-type=\"widget\" data-widget_type=\"heading.default\">\n\t\t\t\t<div class=\"elementor-widget-container\">\n\t\t\t\t\t<h1 class=\"elementor-heading-title elementor-size-default\">Service Client | Soft Skills<\/h1>\t\t\t\t<\/div>\n\t\t\t\t<\/div>\n\t\t\t\t\t<\/div>\n\t\t<\/div>\n\t\t\t\t\t<\/div>\n\t\t<\/div>\n\t\t\t\t<section class=\"elementor-section elementor-top-section elementor-element elementor-element-7f23f05c elementor-section-content-top elementor-section-boxed elementor-section-height-default elementor-section-height-default\" data-id=\"7f23f05c\" data-element_type=\"section\" data-e-type=\"section\">\n\t\t\t\t\t\t<div class=\"elementor-container elementor-column-gap-default\">\n\t\t\t\t\t<div class=\"elementor-column elementor-col-33 elementor-top-column elementor-element elementor-element-62866c1a\" data-id=\"62866c1a\" data-element_type=\"column\" data-e-type=\"column\">\n\t\t\t<div class=\"elementor-widget-wrap elementor-element-populated\">\n\t\t\t\t\t\t<div class=\"elementor-element elementor-element-1df3839e elementor-position-top elementor-widget elementor-widget-image-box\" data-id=\"1df3839e\" data-element_type=\"widget\" data-e-type=\"widget\" data-widget_type=\"image-box.default\">\n\t\t\t\t<div class=\"elementor-widget-container\">\n\t\t\t\t\t<div class=\"elementor-image-box-wrapper\"><figure class=\"elementor-image-box-img\"><img fetchpriority=\"high\" decoding=\"async\" width=\"450\" height=\"450\" src=\"https:\/\/redrockinternational.com\/wp-content\/uploads\/2019\/01\/Artboard-5.png\" class=\"elementor-animation-grow attachment-medium size-medium wp-image-5748\" alt=\"Soft skills training in Morocco\" srcset=\"https:\/\/redrockinternational.com\/wp-content\/uploads\/2019\/01\/Artboard-5.png 500w, https:\/\/redrockinternational.com\/wp-content\/uploads\/2019\/01\/Artboard-5-300x300.png 300w, https:\/\/redrockinternational.com\/wp-content\/uploads\/2019\/01\/Artboard-5-100x100.png 100w\" sizes=\"(max-width: 450px) 100vw, 450px\" \/><\/figure><div class=\"elementor-image-box-content\"><h3 class=\"elementor-image-box-title\"><span class=\"ez-toc-section\" id=\"DUREE\"><\/span>DUR\u00c9E<span class=\"ez-toc-section-end\"><\/span><\/h3><p class=\"elementor-image-box-description\">2 Jours<\/p><\/div><\/div>\t\t\t\t<\/div>\n\t\t\t\t<\/div>\n\t\t\t\t\t<\/div>\n\t\t<\/div>\n\t\t\t\t<div class=\"elementor-column elementor-col-33 elementor-top-column elementor-element elementor-element-5e1e84ca\" data-id=\"5e1e84ca\" data-element_type=\"column\" data-e-type=\"column\">\n\t\t\t<div class=\"elementor-widget-wrap elementor-element-populated\">\n\t\t\t\t\t\t<div class=\"elementor-element elementor-element-1bac0762 elementor-position-top elementor-widget elementor-widget-image-box\" data-id=\"1bac0762\" data-element_type=\"widget\" data-e-type=\"widget\" data-widget_type=\"image-box.default\">\n\t\t\t\t<div class=\"elementor-widget-container\">\n\t\t\t\t\t<div class=\"elementor-image-box-wrapper\"><figure class=\"elementor-image-box-img\"><img decoding=\"async\" width=\"500\" height=\"500\" src=\"https:\/\/redrockinternational.com\/wp-content\/uploads\/2019\/01\/Artboard-1-1.png\" class=\"elementor-animation-grow attachment-full size-full wp-image-5766\" alt=\"Soft skills training in Morocco\" srcset=\"https:\/\/redrockinternational.com\/wp-content\/uploads\/2019\/01\/Artboard-1-1.png 500w, https:\/\/redrockinternational.com\/wp-content\/uploads\/2019\/01\/Artboard-1-1-300x300.png 300w, https:\/\/redrockinternational.com\/wp-content\/uploads\/2019\/01\/Artboard-1-1-100x100.png 100w\" sizes=\"(max-width: 500px) 100vw, 500px\" \/><\/figure><div class=\"elementor-image-box-content\"><h3 class=\"elementor-image-box-title\"><span class=\"ez-toc-section\" id=\"Participants\"><\/span>Participants<span class=\"ez-toc-section-end\"><\/span><\/h3><p class=\"elementor-image-box-description\">Max. 20<\/p><\/div><\/div>\t\t\t\t<\/div>\n\t\t\t\t<\/div>\n\t\t\t\t\t<\/div>\n\t\t<\/div>\n\t\t\t\t<div class=\"elementor-column elementor-col-33 elementor-top-column elementor-element elementor-element-4601dc7f\" data-id=\"4601dc7f\" data-element_type=\"column\" data-e-type=\"column\">\n\t\t\t<div class=\"elementor-widget-wrap elementor-element-populated\">\n\t\t\t\t\t\t<div class=\"elementor-element elementor-element-136d5ffd elementor-position-top elementor-widget elementor-widget-image-box\" data-id=\"136d5ffd\" data-element_type=\"widget\" data-e-type=\"widget\" data-widget_type=\"image-box.default\">\n\t\t\t\t<div class=\"elementor-widget-container\">\n\t\t\t\t\t<div class=\"elementor-image-box-wrapper\"><figure class=\"elementor-image-box-img\"><img decoding=\"async\" width=\"500\" height=\"500\" src=\"https:\/\/redrockinternational.com\/wp-content\/uploads\/2019\/02\/unstick-your-organisation.png\" class=\"elementor-animation-grow attachment-full size-full wp-image-6286\" alt=\"Soft skills training in Morocco\" srcset=\"https:\/\/redrockinternational.com\/wp-content\/uploads\/2019\/02\/unstick-your-organisation.png 500w, https:\/\/redrockinternational.com\/wp-content\/uploads\/2019\/02\/unstick-your-organisation-300x300.png 300w, https:\/\/redrockinternational.com\/wp-content\/uploads\/2019\/02\/unstick-your-organisation-100x100.png 100w\" sizes=\"(max-width: 500px) 100vw, 500px\" \/><\/figure><div class=\"elementor-image-box-content\"><h3 class=\"elementor-image-box-title\"><span class=\"ez-toc-section\" id=\"Course_Format\"><\/span>Course Format<span class=\"ez-toc-section-end\"><\/span><\/h3><p class=\"elementor-image-box-description\">One-Time Course<\/p><\/div><\/div>\t\t\t\t<\/div>\n\t\t\t\t<\/div>\n\t\t\t\t\t<\/div>\n\t\t<\/div>\n\t\t\t\t\t<\/div>\n\t\t<\/section>\n\t\t\t\t<section class=\"elementor-section elementor-top-section elementor-element elementor-element-43c13638 elementor-section-boxed elementor-section-height-default elementor-section-height-default\" data-id=\"43c13638\" data-element_type=\"section\" data-e-type=\"section\" data-settings=\"{&quot;background_background&quot;:&quot;classic&quot;}\">\n\t\t\t\t\t\t<div class=\"elementor-container elementor-column-gap-default\">\n\t\t\t\t\t<div class=\"elementor-column elementor-col-50 elementor-top-column elementor-element elementor-element-32a8195c\" data-id=\"32a8195c\" data-element_type=\"column\" data-e-type=\"column\">\n\t\t\t<div class=\"elementor-widget-wrap elementor-element-populated\">\n\t\t\t\t\t\t<div class=\"elementor-element elementor-element-50487fb4 elementor-widget elementor-widget-heading\" data-id=\"50487fb4\" data-element_type=\"widget\" data-e-type=\"widget\" data-widget_type=\"heading.default\">\n\t\t\t\t<div class=\"elementor-widget-container\">\n\t\t\t\t\t<h3 class=\"elementor-heading-title elementor-size-default\">TRAITER VOS CLIENTS COMME DES ROIS<\/h3>\t\t\t\t<\/div>\n\t\t\t\t<\/div>\n\t\t\t\t<div class=\"elementor-element elementor-element-62c42824 elementor-widget elementor-widget-text-editor\" data-id=\"62c42824\" data-element_type=\"widget\" data-e-type=\"widget\" data-widget_type=\"text-editor.default\">\n\t\t\t\t<div class=\"elementor-widget-container\">\n\t\t\t\t\t\t\t\t\t<p>Ce cours explique que le service \u00e0 la client\u00e8le signifie que les besoins du client sont satisfaits de mani\u00e8re respectueuse et compl\u00e8te. Le client peut \u00eatre interne ou externe. Cela ne signifie pas que le client obtient toujours ce qu&#8217;il veut, ni qu&#8217;il a toujours raison.<\/p><p>Ce cours abordera les \u00e9l\u00e9ments critiques du service \u00e0 la client\u00e8le et les six \u00e9tapes \u00e0 franchir pour parvenir \u00e0 une entreprise et \u00e0 des normes centr\u00e9es sur le client.<\/p>\t\t\t\t\t\t\t\t<\/div>\n\t\t\t\t<\/div>\n\t\t\t\t<div class=\"elementor-element elementor-element-7ae9453f elementor-align-center elementor-widget elementor-widget-button\" data-id=\"7ae9453f\" data-element_type=\"widget\" data-e-type=\"widget\" data-widget_type=\"button.default\">\n\t\t\t\t<div class=\"elementor-widget-container\">\n\t\t\t\t\t\t\t\t\t<div class=\"elementor-button-wrapper\">\n\t\t\t\t\t<a class=\"elementor-button elementor-button-link elementor-size-md\" href=\"https:\/\/redrockinternational.com\/ma\/contact-us\/\">\n\t\t\t\t\t\t<span class=\"elementor-button-content-wrapper\">\n\t\t\t\t\t\t\t\t\t<span class=\"elementor-button-text\">Demander un devis<\/span>\n\t\t\t\t\t<\/span>\n\t\t\t\t\t<\/a>\n\t\t\t\t<\/div>\n\t\t\t\t\t\t\t\t<\/div>\n\t\t\t\t<\/div>\n\t\t\t\t\t<\/div>\n\t\t<\/div>\n\t\t\t\t<div class=\"elementor-column elementor-col-50 elementor-top-column elementor-element elementor-element-67578af\" data-id=\"67578af\" data-element_type=\"column\" data-e-type=\"column\">\n\t\t\t<div class=\"elementor-widget-wrap elementor-element-populated\">\n\t\t\t\t\t\t<div class=\"elementor-element elementor-element-1924b5e3 elementor-widget elementor-widget-image\" data-id=\"1924b5e3\" data-element_type=\"widget\" data-e-type=\"widget\" data-widget_type=\"image.default\">\n\t\t\t\t<div class=\"elementor-widget-container\">\n\t\t\t\t\t\t\t\t\t\t\t\t<figure class=\"wp-caption\">\n\t\t\t\t\t\t\t\t\t\t<img decoding=\"async\" src=\"https:\/\/redrockinternational.com\/wp-content\/uploads\/2019\/02\/Screen-Shot-2019-02-07-at-1.07.15-PM.png\" title=\"Screen Shot 2019-02-07 at 1.07.15 PM\" alt=\"Screen Shot 2019-02-07 at 1.07.15 PM\" loading=\"lazy\" \/>\t\t\t\t\t\t\t\t\t\t\t<figcaption class=\"widget-image-caption wp-caption-text\">Course Model<\/figcaption>\n\t\t\t\t\t\t\t\t\t\t<\/figure>\n\t\t\t\t\t\t\t\t\t<\/div>\n\t\t\t\t<\/div>\n\t\t\t\t\t<\/div>\n\t\t<\/div>\n\t\t\t\t\t<\/div>\n\t\t<\/section>\n\t\t\t\t<section class=\"elementor-section elementor-top-section elementor-element elementor-element-50f371e9 elementor-section-boxed elementor-section-height-default elementor-section-height-default\" data-id=\"50f371e9\" data-element_type=\"section\" data-e-type=\"section\" data-settings=\"{&quot;background_background&quot;:&quot;classic&quot;}\">\n\t\t\t\t\t\t<div class=\"elementor-container elementor-column-gap-default\">\n\t\t\t\t\t<div class=\"elementor-column elementor-col-100 elementor-top-column elementor-element elementor-element-68ae13bc\" data-id=\"68ae13bc\" data-element_type=\"column\" data-e-type=\"column\">\n\t\t\t<div class=\"elementor-widget-wrap elementor-element-populated\">\n\t\t\t\t\t\t<div class=\"elementor-element elementor-element-49c5d2ba elementor-widget elementor-widget-heading\" data-id=\"49c5d2ba\" data-element_type=\"widget\" data-e-type=\"widget\" data-widget_type=\"heading.default\">\n\t\t\t\t<div class=\"elementor-widget-container\">\n\t\t\t\t\t<h2 class=\"elementor-heading-title elementor-size-default\">D\u00e9couvrez D'autres Cours Bas\u00e9s Sur Le Contenu...\u200b<\/h2>\t\t\t\t<\/div>\n\t\t\t\t<\/div>\n\t\t\t\t<div class=\"elementor-element elementor-element-a50776f elementor-posts--align-center elementor-grid-4 elementor-grid-tablet-2 elementor-grid-mobile-1 elementor-posts--thumbnail-top elementor-card-shadow-yes elementor-posts__hover-gradient elementor-widget elementor-widget-posts\" data-id=\"a50776f\" data-element_type=\"widget\" data-e-type=\"widget\" data-settings=\"{&quot;cards_row_gap&quot;:{&quot;unit&quot;:&quot;px&quot;,&quot;size&quot;:16,&quot;sizes&quot;:[]},&quot;cards_columns&quot;:&quot;4&quot;,&quot;cards_columns_tablet&quot;:&quot;2&quot;,&quot;cards_columns_mobile&quot;:&quot;1&quot;,&quot;cards_row_gap_tablet&quot;:{&quot;unit&quot;:&quot;px&quot;,&quot;size&quot;:&quot;&quot;,&quot;sizes&quot;:[]},&quot;cards_row_gap_mobile&quot;:{&quot;unit&quot;:&quot;px&quot;,&quot;size&quot;:&quot;&quot;,&quot;sizes&quot;:[]}}\" data-widget_type=\"posts.cards\">\n\t\t\t\t<div class=\"elementor-widget-container\">\n\t\t\t\t\t\t\t<div class=\"elementor-posts-container elementor-posts elementor-posts--skin-cards elementor-grid\" role=\"list\">\n\t\t\t\t<article class=\"elementor-post elementor-grid-item post-41229 page type-page status-publish has-post-thumbnail hentry\" role=\"listitem\">\n\t\t\t<div class=\"elementor-post__card\">\n\t\t\t\t<a class=\"elementor-post__thumbnail__link\" href=\"https:\/\/redrockinternational.com\/ma\/service\/soft-skills-maroc\/conflict-management\/\" tabindex=\"-1\" ><div class=\"elementor-post__thumbnail\"><img loading=\"lazy\" decoding=\"async\" width=\"450\" height=\"300\" src=\"https:\/\/redrockinternational.com\/wp-content\/uploads\/2020\/02\/resolving-problems-managing-conflict.jpg\" class=\"attachment-medium size-medium wp-image-20259\" alt=\"Conversation to resolve problems\" srcset=\"https:\/\/redrockinternational.com\/wp-content\/uploads\/2020\/02\/resolving-problems-managing-conflict.jpg 2000w, https:\/\/redrockinternational.com\/wp-content\/uploads\/2020\/02\/resolving-problems-managing-conflict-600x400.jpg 600w\" sizes=\"(max-width: 450px) 100vw, 450px\" \/><\/div><\/a>\n\t\t\t\t<div class=\"elementor-post__badge\">Conflict management<\/div>\n\t\t\t\t<div class=\"elementor-post__text\">\n\t\t\t\t<h3 class=\"elementor-post__title\"><span class=\"ez-toc-section\" id=\"Conflict_management\"><\/span>\n\t\t\t<a href=\"https:\/\/redrockinternational.com\/ma\/service\/soft-skills-maroc\/conflict-management\/\" >\n\t\t\t\tConflict management\t\t\t<\/a>\n\t\t<span class=\"ez-toc-section-end\"><\/span><\/h3>\n\t\t\t\t<\/div>\n\t\t\t\t\t<\/div>\n\t\t<\/article>\n\t\t\t\t<article class=\"elementor-post elementor-grid-item post-41225 page type-page status-publish has-post-thumbnail hentry\" role=\"listitem\">\n\t\t\t<div class=\"elementor-post__card\">\n\t\t\t\t<a class=\"elementor-post__thumbnail__link\" href=\"https:\/\/redrockinternational.com\/ma\/service\/soft-skills-maroc\/leadership-fundamentals\/\" tabindex=\"-1\" ><div class=\"elementor-post__thumbnail\"><img loading=\"lazy\" decoding=\"async\" width=\"450\" height=\"300\" src=\"https:\/\/redrockinternational.com\/wp-content\/uploads\/2020\/02\/planning-meeting-leadership.jpg\" class=\"attachment-medium size-medium wp-image-20255\" alt=\"Leadership Fundamentals\" srcset=\"https:\/\/redrockinternational.com\/wp-content\/uploads\/2020\/02\/planning-meeting-leadership.jpg 2000w, https:\/\/redrockinternational.com\/wp-content\/uploads\/2020\/02\/planning-meeting-leadership-600x400.jpg 600w\" sizes=\"(max-width: 450px) 100vw, 450px\" \/><\/div><\/a>\n\t\t\t\t<div class=\"elementor-post__badge\">leadership<\/div>\n\t\t\t\t<div class=\"elementor-post__text\">\n\t\t\t\t<h3 class=\"elementor-post__title\"><span class=\"ez-toc-section\" id=\"Leadership_fundamentals\"><\/span>\n\t\t\t<a href=\"https:\/\/redrockinternational.com\/ma\/service\/soft-skills-maroc\/leadership-fundamentals\/\" >\n\t\t\t\tLeadership fundamentals\t\t\t<\/a>\n\t\t<span class=\"ez-toc-section-end\"><\/span><\/h3>\n\t\t\t\t<\/div>\n\t\t\t\t\t<\/div>\n\t\t<\/article>\n\t\t\t\t<article class=\"elementor-post elementor-grid-item post-41221 page type-page status-publish has-post-thumbnail hentry\" role=\"listitem\">\n\t\t\t<div class=\"elementor-post__card\">\n\t\t\t\t<a class=\"elementor-post__thumbnail__link\" href=\"https:\/\/redrockinternational.com\/ma\/service\/soft-skills-maroc\/courage-to-continue\/\" tabindex=\"-1\" ><div class=\"elementor-post__thumbnail\"><img loading=\"lazy\" decoding=\"async\" width=\"450\" height=\"300\" src=\"https:\/\/redrockinternational.com\/wp-content\/uploads\/2019\/02\/elisa-ventur-bmJAXAz6ads-unsplash-450x300.jpg\" class=\"attachment-medium size-medium wp-image-36795\" alt=\"Soft skills training in Morocco\" srcset=\"https:\/\/redrockinternational.com\/wp-content\/uploads\/2019\/02\/elisa-ventur-bmJAXAz6ads-unsplash-450x300.jpg 450w, https:\/\/redrockinternational.com\/wp-content\/uploads\/2019\/02\/elisa-ventur-bmJAXAz6ads-unsplash-1024x683.jpg 1024w, https:\/\/redrockinternational.com\/wp-content\/uploads\/2019\/02\/elisa-ventur-bmJAXAz6ads-unsplash-768x512.jpg 768w, https:\/\/redrockinternational.com\/wp-content\/uploads\/2019\/02\/elisa-ventur-bmJAXAz6ads-unsplash-1536x1024.jpg 1536w, https:\/\/redrockinternational.com\/wp-content\/uploads\/2019\/02\/elisa-ventur-bmJAXAz6ads-unsplash-2048x1365.jpg 2048w, https:\/\/redrockinternational.com\/wp-content\/uploads\/2019\/02\/elisa-ventur-bmJAXAz6ads-unsplash-600x400.jpg 600w\" sizes=\"(max-width: 450px) 100vw, 450px\" \/><\/div><\/a>\n\t\t\t\t<div class=\"elementor-post__badge\">CBT<\/div>\n\t\t\t\t<div class=\"elementor-post__text\">\n\t\t\t\t<h3 class=\"elementor-post__title\"><span class=\"ez-toc-section\" id=\"Courage_to_Continue\"><\/span>\n\t\t\t<a href=\"https:\/\/redrockinternational.com\/ma\/service\/soft-skills-maroc\/courage-to-continue\/\" >\n\t\t\t\tCourage to Continue\t\t\t<\/a>\n\t\t<span class=\"ez-toc-section-end\"><\/span><\/h3>\n\t\t\t\t<\/div>\n\t\t\t\t\t<\/div>\n\t\t<\/article>\n\t\t\t\t<article class=\"elementor-post elementor-grid-item post-41220 page type-page status-publish has-post-thumbnail hentry\" role=\"listitem\">\n\t\t\t<div class=\"elementor-post__card\">\n\t\t\t\t<a class=\"elementor-post__thumbnail__link\" href=\"https:\/\/redrockinternational.com\/ma\/service\/soft-skills-maroc\/conflict-resolution\/\" tabindex=\"-1\" ><div class=\"elementor-post__thumbnail\"><img loading=\"lazy\" decoding=\"async\" width=\"450\" height=\"300\" src=\"https:\/\/redrockinternational.com\/wp-content\/uploads\/2019\/02\/linkedin-sales-solutions-W3Jl3jREpDY-unsplash-450x300.jpg\" class=\"attachment-medium size-medium wp-image-37026\" alt=\"soft skills training in Morocco\" srcset=\"https:\/\/redrockinternational.com\/wp-content\/uploads\/2019\/02\/linkedin-sales-solutions-W3Jl3jREpDY-unsplash-450x300.jpg 450w, https:\/\/redrockinternational.com\/wp-content\/uploads\/2019\/02\/linkedin-sales-solutions-W3Jl3jREpDY-unsplash-1024x683.jpg 1024w, https:\/\/redrockinternational.com\/wp-content\/uploads\/2019\/02\/linkedin-sales-solutions-W3Jl3jREpDY-unsplash-768x512.jpg 768w, https:\/\/redrockinternational.com\/wp-content\/uploads\/2019\/02\/linkedin-sales-solutions-W3Jl3jREpDY-unsplash-1536x1024.jpg 1536w, https:\/\/redrockinternational.com\/wp-content\/uploads\/2019\/02\/linkedin-sales-solutions-W3Jl3jREpDY-unsplash-2048x1365.jpg 2048w, https:\/\/redrockinternational.com\/wp-content\/uploads\/2019\/02\/linkedin-sales-solutions-W3Jl3jREpDY-unsplash-600x400.jpg 600w\" sizes=\"(max-width: 450px) 100vw, 450px\" \/><\/div><\/a>\n\t\t\t\t<div class=\"elementor-post__badge\">CBT<\/div>\n\t\t\t\t<div class=\"elementor-post__text\">\n\t\t\t\t<h3 class=\"elementor-post__title\">\n\t\t\t<a href=\"https:\/\/redrockinternational.com\/ma\/service\/soft-skills-maroc\/conflict-resolution\/\" >\n\t\t\t\tConflict Resolution\t\t\t<\/a>\n\t\t<\/h3>\n\t\t\t\t<\/div>\n\t\t\t\t\t<\/div>\n\t\t<\/article>\n\t\t\t\t<\/div>\n\t\t\n\t\t\t\t\t\t<\/div>\n\t\t\t\t<\/div>\n\t\t\t\t\t<\/div>\n\t\t<\/div>\n\t\t\t\t\t<\/div>\n\t\t<\/section>\n\t\t\t\t<section class=\"elementor-section elementor-top-section elementor-element elementor-element-2d51004f elementor-section-content-middle elementor-section-boxed elementor-section-height-default elementor-section-height-default\" data-id=\"2d51004f\" data-element_type=\"section\" data-e-type=\"section\" data-settings=\"{&quot;background_background&quot;:&quot;classic&quot;}\">\n\t\t\t\t\t\t<div class=\"elementor-container elementor-column-gap-default\">\n\t\t\t\t\t<div class=\"elementor-column elementor-col-50 elementor-top-column elementor-element elementor-element-7f7cd46a\" data-id=\"7f7cd46a\" data-element_type=\"column\" data-e-type=\"column\">\n\t\t\t<div class=\"elementor-widget-wrap elementor-element-populated\">\n\t\t\t\t\t\t<div class=\"elementor-element elementor-element-62c8ec26 elementor-widget elementor-widget-heading\" data-id=\"62c8ec26\" data-element_type=\"widget\" data-e-type=\"widget\" data-widget_type=\"heading.default\">\n\t\t\t\t<div class=\"elementor-widget-container\">\n\t\t\t\t\t<h2 class=\"elementor-heading-title elementor-size-default\"><span class=\"ez-toc-section\" id=\"Decouvrez_comment_nous_pouvons_aider_votre_equipe_a_conquerir\"><\/span>D\u00e9couvrez comment nous pouvons aider votre \u00e9quipe \u00e0 conqu\u00e9rir !<span class=\"ez-toc-section-end\"><\/span><\/h2>\t\t\t\t<\/div>\n\t\t\t\t<\/div>\n\t\t\t\t\t<\/div>\n\t\t<\/div>\n\t\t\t\t<div class=\"elementor-column elementor-col-50 elementor-top-column elementor-element elementor-element-2f29917\" data-id=\"2f29917\" data-element_type=\"column\" data-e-type=\"column\">\n\t\t\t<div class=\"elementor-widget-wrap elementor-element-populated\">\n\t\t\t\t\t\t<div class=\"elementor-element elementor-element-f17322c elementor-align-center elementor-widget elementor-widget-button\" data-id=\"f17322c\" data-element_type=\"widget\" data-e-type=\"widget\" data-widget_type=\"button.default\">\n\t\t\t\t<div class=\"elementor-widget-container\">\n\t\t\t\t\t\t\t\t\t<div class=\"elementor-button-wrapper\">\n\t\t\t\t\t<a class=\"elementor-button elementor-button-link elementor-size-lg\" href=\"https:\/\/redrockinternational.com\/ma\/contact-us\/\">\n\t\t\t\t\t\t<span class=\"elementor-button-content-wrapper\">\n\t\t\t\t\t\t\t\t\t<span class=\"elementor-button-text\">Demander un devis<\/span>\n\t\t\t\t\t<\/span>\n\t\t\t\t\t<\/a>\n\t\t\t\t<\/div>\n\t\t\t\t\t\t\t\t<\/div>\n\t\t\t\t<\/div>\n\t\t\t\t\t<\/div>\n\t\t<\/div>\n\t\t\t\t\t<\/div>\n\t\t<\/section>\n\t\t\t\t<\/div>\n\t\t","protected":false},"excerpt":{"rendered":"<p>Service Client | Soft Skills DUR\u00c9E 2 Jours Participants Max. 20 Course Format One-Time Course TRAITER VOS CLIENTS COMME DES ROIS Ce cours explique que<\/p>\n","protected":false},"author":27,"featured_media":36933,"parent":53404,"menu_order":0,"comment_status":"closed","ping_status":"closed","template":"","meta":{"_acf_changed":false,"_seopress_robots_primary_cat":"","_seopress_titles_title":"Service Client | Soft Skills Formation - RRI","_seopress_titles_desc":"D\u00e9couvrez la formation service client de Red Rock International et offrez une exp\u00e9rience client exceptionnelle.","_seopress_robots_index":"","om_disable_all_campaigns":false,"site-sidebar-layout":"default","site-content-layout":"default","ast-site-content-layout":"default","site-content-style":"default","site-sidebar-style":"default","ast-global-header-display":"","ast-banner-title-visibility":"","ast-main-header-display":"","ast-hfb-above-header-display":"","ast-hfb-below-header-display":"","ast-hfb-mobile-header-display":"","site-post-title":"","ast-breadcrumbs-content":"","ast-featured-img":"","footer-sml-layout":"","theme-transparent-header-meta":"default","adv-header-id-meta":"","stick-header-meta":"","header-above-stick-meta":"","header-main-stick-meta":"","header-below-stick-meta":"","astra-migrate-meta-layouts":"set","ast-page-background-enabled":"default","ast-page-background-meta":{"desktop":{"background-color":"","background-image":"","background-repeat":"repeat","background-position":"center center","background-size":"auto","background-attachment":"scroll","background-type":"","background-media":"","overlay-type":"","overlay-color":"","overlay-opacity":"","overlay-gradient":""},"tablet":{"background-color":"","background-image":"","background-repeat":"repeat","background-position":"center center","background-size":"auto","background-attachment":"scroll","background-type":"","background-media":"","overlay-type":"","overlay-color":"","overlay-opacity":"","overlay-gradient":""},"mobile":{"background-color":"","background-image":"","background-repeat":"repeat","background-position":"center center","background-size":"auto","background-attachment":"scroll","background-type":"","background-media":"","overlay-type":"","overlay-color":"","overlay-opacity":"","overlay-gradient":""}},"ast-content-background-meta":{"desktop":{"background-color":"var(--ast-global-color-5)","background-image":"","background-repeat":"repeat","background-position":"center center","background-size":"auto","background-attachment":"scroll","background-type":"","background-media":"","overlay-type":"","overlay-color":"","overlay-opacity":"","overlay-gradient":""},"tablet":{"background-color":"var(--ast-global-color-5)","background-image":"","background-repeat":"repeat","background-position":"center center","background-size":"auto","background-attachment":"scroll","background-type":"","background-media":"","overlay-type":"","overlay-color":"","overlay-opacity":"","overlay-gradient":""},"mobile":{"background-color":"var(--ast-global-color-5)","background-image":"","background-repeat":"repeat","background-position":"center center","background-size":"auto","background-attachment":"scroll","background-type":"","background-media":"","overlay-type":"","overlay-color":"","overlay-opacity":"","overlay-gradient":""}},"footnotes":""},"class_list":["post-41222","page","type-page","status-publish","has-post-thumbnail","hentry"],"acf":[],"_links":{"self":[{"href":"https:\/\/redrockinternational.com\/ma\/wp-json\/wp\/v2\/pages\/41222","targetHints":{"allow":["GET"]}}],"collection":[{"href":"https:\/\/redrockinternational.com\/ma\/wp-json\/wp\/v2\/pages"}],"about":[{"href":"https:\/\/redrockinternational.com\/ma\/wp-json\/wp\/v2\/types\/page"}],"author":[{"embeddable":true,"href":"https:\/\/redrockinternational.com\/ma\/wp-json\/wp\/v2\/users\/27"}],"replies":[{"embeddable":true,"href":"https:\/\/redrockinternational.com\/ma\/wp-json\/wp\/v2\/comments?post=41222"}],"version-history":[{"count":0,"href":"https:\/\/redrockinternational.com\/ma\/wp-json\/wp\/v2\/pages\/41222\/revisions"}],"up":[{"embeddable":true,"href":"https:\/\/redrockinternational.com\/ma\/wp-json\/wp\/v2\/pages\/53404"}],"wp:featuredmedia":[{"embeddable":true,"href":"https:\/\/redrockinternational.com\/ma\/wp-json\/wp\/v2\/media\/36933"}],"wp:attachment":[{"href":"https:\/\/redrockinternational.com\/ma\/wp-json\/wp\/v2\/media?parent=41222"}],"curies":[{"name":"wp","href":"https:\/\/api.w.org\/{rel}","templated":true}]}}